{"id":1640,"date":"2025-02-23T20:42:37","date_gmt":"2025-02-23T19:42:37","guid":{"rendered":"https:\/\/forfresco.com\/acerca-de-foresco-2\/"},"modified":"2025-03-26T10:23:35","modified_gmt":"2025-03-26T09:23:35","slug":"acerca-de-foresco-2","status":"publish","type":"page","link":"https:\/\/forfresco.com\/es\/acerca-de-foresco-2\/","title":{"rendered":"Acerca de ForFresco\u00ae"},"content":{"rendered":"","protected":false},"excerpt":{"rendered":"","protected":false},"author":1,"featured_media":0,"parent":0,"menu_order":0,"comment_status":"closed","ping_status":"closed","template":"pages\/about.php","meta":{"_acf_changed":false,"inline_featured_image":false,"footnotes":""},"class_list":["post-1640","page","type-page","status-publish","hentry"],"acf":[],"yoast_head":"<!-- This site is optimized with the Yoast SEO plugin v24.6 - https:\/\/yoast.com\/wordpress\/plugins\/seo\/ -->\n<title>Acerca de ForFresco\u00ae - Fresco<\/title>\n<meta name=\"description\" content=\"Inf\u00f3rmate sobre ForFresco, l\u00edder en tecnolog\u00eda de membranas imprimibles para se\u00f1alizaci\u00f3n, marcas y aplicaciones gr\u00e1ficas duraderas.\" \/>\n<meta name=\"robots\" content=\"index, follow, max-snippet:-1, max-image-preview:large, max-video-preview:-1\" \/>\n<link rel=\"canonical\" href=\"https:\/\/forfresco.com\/es\/acerca-de-foresco-2\/\" \/>\n<meta property=\"og:locale\" content=\"es_ES\" \/>\n<meta property=\"og:type\" content=\"article\" \/>\n<meta property=\"og:title\" content=\"ForFresco: fabricante innovador de soluciones de membrana imprimibles.\" \/>\n<meta property=\"og:description\" content=\"Empresa ForFresco, soluciones de impresi\u00f3n innovadoras, fabricante de membranas imprimibles, soluciones de se\u00f1alizaci\u00f3n digital, materiales de impresi\u00f3n adhesivos, pel\u00edculas de transferencia para publicidad, sustratos imprimibles de alta calidad, impresi\u00f3n de gran formato, soluciones de impresi\u00f3n especializadas, impresi\u00f3n digital ecol\u00f3gica\" \/>\n<meta property=\"og:url\" content=\"https:\/\/forfresco.com\/es\/acerca-de-foresco-2\/\" \/>\n<meta property=\"og:site_name\" content=\"Fresco\" \/>\n<meta property=\"article:modified_time\" content=\"2025-03-26T09:23:35+00:00\" \/>\n<meta property=\"og:image\" content=\"https:\/\/forfresco.com\/wp-content\/uploads\/2025\/03\/About-Foresco.png\" \/>\n<meta name=\"twitter:card\" content=\"summary_large_image\" \/>\n<script type=\"application\/ld+json\" class=\"yoast-schema-graph\">{\"@context\":\"https:\/\/schema.org\",\"@graph\":[{\"@type\":\"WebPage\",\"@id\":\"https:\/\/forfresco.com\/es\/acerca-de-foresco-2\/\",\"url\":\"https:\/\/forfresco.com\/es\/acerca-de-foresco-2\/\",\"name\":\"Acerca de ForFresco\u00ae - Fresco\",\"isPartOf\":{\"@id\":\"https:\/\/forfresco.com\/es\/#website\"},\"datePublished\":\"2025-02-23T19:42:37+00:00\",\"dateModified\":\"2025-03-26T09:23:35+00:00\",\"description\":\"Inf\u00f3rmate sobre ForFresco, l\u00edder en tecnolog\u00eda de membranas imprimibles para se\u00f1alizaci\u00f3n, marcas y aplicaciones gr\u00e1ficas duraderas.\",\"breadcrumb\":{\"@id\":\"https:\/\/forfresco.com\/es\/acerca-de-foresco-2\/#breadcrumb\"},\"inLanguage\":\"es\",\"potentialAction\":[{\"@type\":\"ReadAction\",\"target\":[\"https:\/\/forfresco.com\/es\/acerca-de-foresco-2\/\"]}]},{\"@type\":\"WebSite\",\"@id\":\"https:\/\/forfresco.com\/es\/#website\",\"url\":\"https:\/\/forfresco.com\/es\/\",\"name\":\"ForFresco\",\"description\":\"\",\"publisher\":{\"@id\":\"https:\/\/forfresco.com\/es\/#organization\"},\"alternateName\":\"ForFresco\",\"potentialAction\":[{\"@type\":\"SearchAction\",\"target\":{\"@type\":\"EntryPoint\",\"urlTemplate\":\"https:\/\/forfresco.com\/es\/?s={search_term_string}\"},\"query-input\":{\"@type\":\"PropertyValueSpecification\",\"valueRequired\":true,\"valueName\":\"search_term_string\"}}],\"inLanguage\":\"es\"},{\"@type\":\"Organization\",\"@id\":\"https:\/\/forfresco.com\/es\/#organization\",\"name\":\"ForFresco\",\"url\":\"https:\/\/forfresco.com\/es\/\",\"logo\":{\"@type\":\"ImageObject\",\"inLanguage\":\"es\",\"@id\":\"https:\/\/forfresco.com\/es\/#\/schema\/logo\/image\/\",\"url\":\"https:\/\/forfresco.com\/wp-content\/uploads\/2025\/03\/ForFresco-Logo-black.svg\",\"contentUrl\":\"https:\/\/forfresco.com\/wp-content\/uploads\/2025\/03\/ForFresco-Logo-black.svg\",\"width\":1000,\"height\":317,\"caption\":\"ForFresco\"},\"image\":{\"@id\":\"https:\/\/forfresco.com\/es\/#\/schema\/logo\/image\/\"}}]}<\/script>\n<!-- \/ Yoast SEO plugin. -->","yoast_head_json":{"title":"Acerca de ForFresco\u00ae - Fresco","description":"Inf\u00f3rmate sobre ForFresco, l\u00edder en tecnolog\u00eda de membranas imprimibles para se\u00f1alizaci\u00f3n, marcas y aplicaciones gr\u00e1ficas duraderas.","robots":{"index":"index","follow":"follow","max-snippet":"max-snippet:-1","max-image-preview":"max-image-preview:large","max-video-preview":"max-video-preview:-1"},"canonical":"https:\/\/forfresco.com\/es\/acerca-de-foresco-2\/","og_locale":"es_ES","og_type":"article","og_title":"ForFresco: fabricante innovador de soluciones de membrana imprimibles.","og_description":"Empresa ForFresco, soluciones de impresi\u00f3n innovadoras, fabricante de membranas imprimibles, soluciones de se\u00f1alizaci\u00f3n digital, materiales de impresi\u00f3n adhesivos, pel\u00edculas de transferencia para publicidad, sustratos imprimibles de alta calidad, impresi\u00f3n de gran formato, soluciones de impresi\u00f3n especializadas, impresi\u00f3n digital ecol\u00f3gica","og_url":"https:\/\/forfresco.com\/es\/acerca-de-foresco-2\/","og_site_name":"Fresco","article_modified_time":"2025-03-26T09:23:35+00:00","og_image":[{"url":"https:\/\/forfresco.com\/wp-content\/uploads\/2025\/03\/About-Foresco.png","type":"","width":"","height":""}],"twitter_card":"summary_large_image","schema":{"@context":"https:\/\/schema.org","@graph":[{"@type":"WebPage","@id":"https:\/\/forfresco.com\/es\/acerca-de-foresco-2\/","url":"https:\/\/forfresco.com\/es\/acerca-de-foresco-2\/","name":"Acerca de ForFresco\u00ae - Fresco","isPartOf":{"@id":"https:\/\/forfresco.com\/es\/#website"},"datePublished":"2025-02-23T19:42:37+00:00","dateModified":"2025-03-26T09:23:35+00:00","description":"Inf\u00f3rmate sobre ForFresco, l\u00edder en tecnolog\u00eda de membranas imprimibles para se\u00f1alizaci\u00f3n, marcas y aplicaciones gr\u00e1ficas duraderas.","breadcrumb":{"@id":"https:\/\/forfresco.com\/es\/acerca-de-foresco-2\/#breadcrumb"},"inLanguage":"es","potentialAction":[{"@type":"ReadAction","target":["https:\/\/forfresco.com\/es\/acerca-de-foresco-2\/"]}]},{"@type":"WebSite","@id":"https:\/\/forfresco.com\/es\/#website","url":"https:\/\/forfresco.com\/es\/","name":"ForFresco","description":"","publisher":{"@id":"https:\/\/forfresco.com\/es\/#organization"},"alternateName":"ForFresco","potentialAction":[{"@type":"SearchAction","target":{"@type":"EntryPoint","urlTemplate":"https:\/\/forfresco.com\/es\/?s={search_term_string}"},"query-input":{"@type":"PropertyValueSpecification","valueRequired":true,"valueName":"search_term_string"}}],"inLanguage":"es"},{"@type":"Organization","@id":"https:\/\/forfresco.com\/es\/#organization","name":"ForFresco","url":"https:\/\/forfresco.com\/es\/","logo":{"@type":"ImageObject","inLanguage":"es","@id":"https:\/\/forfresco.com\/es\/#\/schema\/logo\/image\/","url":"https:\/\/forfresco.com\/wp-content\/uploads\/2025\/03\/ForFresco-Logo-black.svg","contentUrl":"https:\/\/forfresco.com\/wp-content\/uploads\/2025\/03\/ForFresco-Logo-black.svg","width":1000,"height":317,"caption":"ForFresco"},"image":{"@id":"https:\/\/forfresco.com\/es\/#\/schema\/logo\/image\/"}}]}},"_links":{"self":[{"href":"https:\/\/forfresco.com\/es\/wp-json\/wp\/v2\/pages\/1640","targetHints":{"allow":["GET"]}}],"collection":[{"href":"https:\/\/forfresco.com\/es\/wp-json\/wp\/v2\/pages"}],"about":[{"href":"https:\/\/forfresco.com\/es\/wp-json\/wp\/v2\/types\/page"}],"author":[{"embeddable":true,"href":"https:\/\/forfresco.com\/es\/wp-json\/wp\/v2\/users\/1"}],"replies":[{"embeddable":true,"href":"https:\/\/forfresco.com\/es\/wp-json\/wp\/v2\/comments?post=1640"}],"version-history":[{"count":3,"href":"https:\/\/forfresco.com\/es\/wp-json\/wp\/v2\/pages\/1640\/revisions"}],"predecessor-version":[{"id":2167,"href":"https:\/\/forfresco.com\/es\/wp-json\/wp\/v2\/pages\/1640\/revisions\/2167"}],"wp:attachment":[{"href":"https:\/\/forfresco.com\/es\/wp-json\/wp\/v2\/media?parent=1640"}],"curies":[{"name":"wp","href":"https:\/\/api.w.org\/{rel}","templated":true}]}}