{"id":1604,"date":"2025-02-24T13:02:25","date_gmt":"2025-02-24T12:02:25","guid":{"rendered":"https:\/\/forfresco.com\/strona-glowna\/"},"modified":"2025-03-18T17:17:09","modified_gmt":"2025-03-18T16:17:09","slug":"strona-glowna","status":"publish","type":"page","link":"https:\/\/forfresco.com\/pl\/","title":{"rendered":"Strona g\u0142\u00f3wna"},"content":{"rendered":"","protected":false},"excerpt":{"rendered":"","protected":false},"author":1,"featured_media":0,"parent":0,"menu_order":0,"comment_status":"closed","ping_status":"closed","template":"index.php","meta":{"_acf_changed":false,"inline_featured_image":false,"footnotes":""},"class_list":["post-1604","page","type-page","status-publish","hentry"],"acf":[],"yoast_head":"<!-- This site is optimized with the Yoast SEO plugin v24.6 - https:\/\/yoast.com\/wordpress\/plugins\/seo\/ -->\n<title>Strona g\u0142\u00f3wna - Fresco<\/title>\n<meta name=\"description\" content=\"Odkryj innowacyjne folie transferowe do druku UV i lateksowego. Wysokiej jako\u015bci i \u0142atwe w zastosowaniu rozwi\u0105zania graficzne.\" \/>\n<meta name=\"robots\" content=\"index, follow, max-snippet:-1, max-image-preview:large, max-video-preview:-1\" \/>\n<link rel=\"canonical\" href=\"https:\/\/forfresco.com\/pl\/\" \/>\n<meta property=\"og:locale\" content=\"pl_PL\" \/>\n<meta property=\"og:type\" content=\"article\" \/>\n<meta property=\"og:title\" content=\"Folia transferowa do druku UV i lateksowego ForFresco zapewniaj\u0105ca wysokiej jako\u015bci grafik\u0119.\" \/>\n<meta property=\"og:description\" content=\"Odkryj wysokiej jako\u015bci folie transferowe do druku UV, lateksowego i ekosolwentowego. Idealny do niestandardowych oznakowa\u0144, trwa\u0142ego brandingu i grafiki w wysokiej rozdzielczo\u015bci.\" \/>\n<meta property=\"og:url\" content=\"https:\/\/forfresco.com\/pl\/\" \/>\n<meta property=\"og:site_name\" content=\"Fresco\" \/>\n<meta property=\"article:modified_time\" content=\"2025-03-18T16:17:09+00:00\" \/>\n<meta property=\"og:image\" content=\"https:\/\/forfresco.com\/wp-content\/uploads\/2025\/03\/ForFresco.png\" \/>\n<meta name=\"twitter:card\" content=\"summary_large_image\" \/>\n<script type=\"application\/ld+json\" class=\"yoast-schema-graph\">{\"@context\":\"https:\/\/schema.org\",\"@graph\":[{\"@type\":\"WebPage\",\"@id\":\"https:\/\/forfresco.com\/pl\/\",\"url\":\"https:\/\/forfresco.com\/pl\/\",\"name\":\"Strona g\u0142\u00f3wna - Fresco\",\"isPartOf\":{\"@id\":\"https:\/\/forfresco.com\/pl\/#website\"},\"datePublished\":\"2025-02-24T12:02:25+00:00\",\"dateModified\":\"2025-03-18T16:17:09+00:00\",\"description\":\"Odkryj innowacyjne folie transferowe do druku UV i lateksowego. Wysokiej jako\u015bci i \u0142atwe w zastosowaniu rozwi\u0105zania graficzne.\",\"breadcrumb\":{\"@id\":\"https:\/\/forfresco.com\/pl\/#breadcrumb\"},\"inLanguage\":\"pl-PL\",\"potentialAction\":[{\"@type\":\"ReadAction\",\"target\":[\"https:\/\/forfresco.com\/pl\/\"]}]},{\"@type\":\"WebSite\",\"@id\":\"https:\/\/forfresco.com\/pl\/#website\",\"url\":\"https:\/\/forfresco.com\/pl\/\",\"name\":\"ForFresco\",\"description\":\"\",\"publisher\":{\"@id\":\"https:\/\/forfresco.com\/pl\/#organization\"},\"alternateName\":\"ForFresco\",\"potentialAction\":[{\"@type\":\"SearchAction\",\"target\":{\"@type\":\"EntryPoint\",\"urlTemplate\":\"https:\/\/forfresco.com\/pl\/?s={search_term_string}\"},\"query-input\":{\"@type\":\"PropertyValueSpecification\",\"valueRequired\":true,\"valueName\":\"search_term_string\"}}],\"inLanguage\":\"pl-PL\"},{\"@type\":\"Organization\",\"@id\":\"https:\/\/forfresco.com\/pl\/#organization\",\"name\":\"ForFresco\",\"url\":\"https:\/\/forfresco.com\/pl\/\",\"logo\":{\"@type\":\"ImageObject\",\"inLanguage\":\"pl-PL\",\"@id\":\"https:\/\/forfresco.com\/pl\/#\/schema\/logo\/image\/\",\"url\":\"https:\/\/forfresco.com\/wp-content\/uploads\/2025\/03\/ForFresco-Logo-black.svg\",\"contentUrl\":\"https:\/\/forfresco.com\/wp-content\/uploads\/2025\/03\/ForFresco-Logo-black.svg\",\"width\":1000,\"height\":317,\"caption\":\"ForFresco\"},\"image\":{\"@id\":\"https:\/\/forfresco.com\/pl\/#\/schema\/logo\/image\/\"}}]}<\/script>\n<!-- \/ Yoast SEO plugin. -->","yoast_head_json":{"title":"Strona g\u0142\u00f3wna - Fresco","description":"Odkryj innowacyjne folie transferowe do druku UV i lateksowego. Wysokiej jako\u015bci i \u0142atwe w zastosowaniu rozwi\u0105zania graficzne.","robots":{"index":"index","follow":"follow","max-snippet":"max-snippet:-1","max-image-preview":"max-image-preview:large","max-video-preview":"max-video-preview:-1"},"canonical":"https:\/\/forfresco.com\/pl\/","og_locale":"pl_PL","og_type":"article","og_title":"Folia transferowa do druku UV i lateksowego ForFresco zapewniaj\u0105ca wysokiej jako\u015bci grafik\u0119.","og_description":"Odkryj wysokiej jako\u015bci folie transferowe do druku UV, lateksowego i ekosolwentowego. Idealny do niestandardowych oznakowa\u0144, trwa\u0142ego brandingu i grafiki w wysokiej rozdzielczo\u015bci.","og_url":"https:\/\/forfresco.com\/pl\/","og_site_name":"Fresco","article_modified_time":"2025-03-18T16:17:09+00:00","og_image":[{"url":"https:\/\/forfresco.com\/wp-content\/uploads\/2025\/03\/ForFresco.png","type":"","width":"","height":""}],"twitter_card":"summary_large_image","schema":{"@context":"https:\/\/schema.org","@graph":[{"@type":"WebPage","@id":"https:\/\/forfresco.com\/pl\/","url":"https:\/\/forfresco.com\/pl\/","name":"Strona g\u0142\u00f3wna - Fresco","isPartOf":{"@id":"https:\/\/forfresco.com\/pl\/#website"},"datePublished":"2025-02-24T12:02:25+00:00","dateModified":"2025-03-18T16:17:09+00:00","description":"Odkryj innowacyjne folie transferowe do druku UV i lateksowego. Wysokiej jako\u015bci i \u0142atwe w zastosowaniu rozwi\u0105zania graficzne.","breadcrumb":{"@id":"https:\/\/forfresco.com\/pl\/#breadcrumb"},"inLanguage":"pl-PL","potentialAction":[{"@type":"ReadAction","target":["https:\/\/forfresco.com\/pl\/"]}]},{"@type":"WebSite","@id":"https:\/\/forfresco.com\/pl\/#website","url":"https:\/\/forfresco.com\/pl\/","name":"ForFresco","description":"","publisher":{"@id":"https:\/\/forfresco.com\/pl\/#organization"},"alternateName":"ForFresco","potentialAction":[{"@type":"SearchAction","target":{"@type":"EntryPoint","urlTemplate":"https:\/\/forfresco.com\/pl\/?s={search_term_string}"},"query-input":{"@type":"PropertyValueSpecification","valueRequired":true,"valueName":"search_term_string"}}],"inLanguage":"pl-PL"},{"@type":"Organization","@id":"https:\/\/forfresco.com\/pl\/#organization","name":"ForFresco","url":"https:\/\/forfresco.com\/pl\/","logo":{"@type":"ImageObject","inLanguage":"pl-PL","@id":"https:\/\/forfresco.com\/pl\/#\/schema\/logo\/image\/","url":"https:\/\/forfresco.com\/wp-content\/uploads\/2025\/03\/ForFresco-Logo-black.svg","contentUrl":"https:\/\/forfresco.com\/wp-content\/uploads\/2025\/03\/ForFresco-Logo-black.svg","width":1000,"height":317,"caption":"ForFresco"},"image":{"@id":"https:\/\/forfresco.com\/pl\/#\/schema\/logo\/image\/"}}]}},"_links":{"self":[{"href":"https:\/\/forfresco.com\/pl\/wp-json\/wp\/v2\/pages\/1604","targetHints":{"allow":["GET"]}}],"collection":[{"href":"https:\/\/forfresco.com\/pl\/wp-json\/wp\/v2\/pages"}],"about":[{"href":"https:\/\/forfresco.com\/pl\/wp-json\/wp\/v2\/types\/page"}],"author":[{"embeddable":true,"href":"https:\/\/forfresco.com\/pl\/wp-json\/wp\/v2\/users\/1"}],"replies":[{"embeddable":true,"href":"https:\/\/forfresco.com\/pl\/wp-json\/wp\/v2\/comments?post=1604"}],"version-history":[{"count":3,"href":"https:\/\/forfresco.com\/pl\/wp-json\/wp\/v2\/pages\/1604\/revisions"}],"predecessor-version":[{"id":1851,"href":"https:\/\/forfresco.com\/pl\/wp-json\/wp\/v2\/pages\/1604\/revisions\/1851"}],"wp:attachment":[{"href":"https:\/\/forfresco.com\/pl\/wp-json\/wp\/v2\/media?parent=1604"}],"curies":[{"name":"wp","href":"https:\/\/api.w.org\/{rel}","templated":true}]}}