{"id":1639,"date":"2025-02-23T20:42:37","date_gmt":"2025-02-23T19:42:37","guid":{"rendered":"https:\/\/forfresco.com\/informacje-o-foresco-2\/"},"modified":"2025-03-26T10:26:03","modified_gmt":"2025-03-26T09:26:03","slug":"informacje-o-foresco-2","status":"publish","type":"page","link":"https:\/\/forfresco.com\/pl\/informacje-o-foresco-2\/","title":{"rendered":"Informacje o ForForesco\u00ae"},"content":{"rendered":"","protected":false},"excerpt":{"rendered":"","protected":false},"author":1,"featured_media":0,"parent":0,"menu_order":0,"comment_status":"closed","ping_status":"closed","template":"pages\/about.php","meta":{"_acf_changed":false,"inline_featured_image":false,"footnotes":""},"class_list":["post-1639","page","type-page","status-publish","hentry"],"acf":[],"yoast_head":"<!-- This site is optimized with the Yoast SEO plugin v24.6 - https:\/\/yoast.com\/wordpress\/plugins\/seo\/ -->\n<title>Informacje o ForForesco\u00ae - Fresco<\/title>\n<meta name=\"description\" content=\"Dowiedz si\u0119 wi\u0119cej o ForFresco - liderze w technologii zadrukowywanych membran do oznakowania, brandingu i trwa\u0142ych zastosowa\u0144 graficznych.\" \/>\n<meta name=\"robots\" content=\"index, follow, max-snippet:-1, max-image-preview:large, max-video-preview:-1\" \/>\n<link rel=\"canonical\" href=\"https:\/\/forfresco.com\/pl\/informacje-o-foresco-2\/\" \/>\n<meta property=\"og:locale\" content=\"pl_PL\" \/>\n<meta property=\"og:type\" content=\"article\" \/>\n<meta property=\"og:title\" content=\"ForFresco - innowacyjny producent rozwi\u0105za\u0144 membranowych do zadruku.\" \/>\n<meta property=\"og:description\" content=\"Firma ForFresco, innowacyjne rozwi\u0105zania drukarskie, producent membran do druku, rozwi\u0105zania digital signage, samoprzylepne materia\u0142y drukarskie, folie transferowe do reklamy, wysokiej jako\u015bci pod\u0142o\u017ca do druku, druk wielkoformatowy, specjalistyczne rozwi\u0105zania drukarskie, ekologiczny druk cyfrowy\" \/>\n<meta property=\"og:url\" content=\"https:\/\/forfresco.com\/pl\/informacje-o-foresco-2\/\" \/>\n<meta property=\"og:site_name\" content=\"Fresco\" \/>\n<meta property=\"article:modified_time\" content=\"2025-03-26T09:26:03+00:00\" \/>\n<meta property=\"og:image\" content=\"https:\/\/forfresco.com\/wp-content\/uploads\/2025\/03\/About-Foresco.png\" \/>\n<meta name=\"twitter:card\" content=\"summary_large_image\" \/>\n<script type=\"application\/ld+json\" class=\"yoast-schema-graph\">{\"@context\":\"https:\/\/schema.org\",\"@graph\":[{\"@type\":\"WebPage\",\"@id\":\"https:\/\/forfresco.com\/pl\/informacje-o-foresco-2\/\",\"url\":\"https:\/\/forfresco.com\/pl\/informacje-o-foresco-2\/\",\"name\":\"Informacje o ForForesco\u00ae - Fresco\",\"isPartOf\":{\"@id\":\"https:\/\/forfresco.com\/pl\/#website\"},\"datePublished\":\"2025-02-23T19:42:37+00:00\",\"dateModified\":\"2025-03-26T09:26:03+00:00\",\"description\":\"Dowiedz si\u0119 wi\u0119cej o ForFresco - liderze w technologii zadrukowywanych membran do oznakowania, brandingu i trwa\u0142ych zastosowa\u0144 graficznych.\",\"breadcrumb\":{\"@id\":\"https:\/\/forfresco.com\/pl\/informacje-o-foresco-2\/#breadcrumb\"},\"inLanguage\":\"pl-PL\",\"potentialAction\":[{\"@type\":\"ReadAction\",\"target\":[\"https:\/\/forfresco.com\/pl\/informacje-o-foresco-2\/\"]}]},{\"@type\":\"WebSite\",\"@id\":\"https:\/\/forfresco.com\/pl\/#website\",\"url\":\"https:\/\/forfresco.com\/pl\/\",\"name\":\"ForFresco\",\"description\":\"\",\"publisher\":{\"@id\":\"https:\/\/forfresco.com\/pl\/#organization\"},\"alternateName\":\"ForFresco\",\"potentialAction\":[{\"@type\":\"SearchAction\",\"target\":{\"@type\":\"EntryPoint\",\"urlTemplate\":\"https:\/\/forfresco.com\/pl\/?s={search_term_string}\"},\"query-input\":{\"@type\":\"PropertyValueSpecification\",\"valueRequired\":true,\"valueName\":\"search_term_string\"}}],\"inLanguage\":\"pl-PL\"},{\"@type\":\"Organization\",\"@id\":\"https:\/\/forfresco.com\/pl\/#organization\",\"name\":\"ForFresco\",\"url\":\"https:\/\/forfresco.com\/pl\/\",\"logo\":{\"@type\":\"ImageObject\",\"inLanguage\":\"pl-PL\",\"@id\":\"https:\/\/forfresco.com\/pl\/#\/schema\/logo\/image\/\",\"url\":\"https:\/\/forfresco.com\/wp-content\/uploads\/2025\/03\/ForFresco-Logo-black.svg\",\"contentUrl\":\"https:\/\/forfresco.com\/wp-content\/uploads\/2025\/03\/ForFresco-Logo-black.svg\",\"width\":1000,\"height\":317,\"caption\":\"ForFresco\"},\"image\":{\"@id\":\"https:\/\/forfresco.com\/pl\/#\/schema\/logo\/image\/\"}}]}<\/script>\n<!-- \/ Yoast SEO plugin. -->","yoast_head_json":{"title":"Informacje o ForForesco\u00ae - Fresco","description":"Dowiedz si\u0119 wi\u0119cej o ForFresco - liderze w technologii zadrukowywanych membran do oznakowania, brandingu i trwa\u0142ych zastosowa\u0144 graficznych.","robots":{"index":"index","follow":"follow","max-snippet":"max-snippet:-1","max-image-preview":"max-image-preview:large","max-video-preview":"max-video-preview:-1"},"canonical":"https:\/\/forfresco.com\/pl\/informacje-o-foresco-2\/","og_locale":"pl_PL","og_type":"article","og_title":"ForFresco - innowacyjny producent rozwi\u0105za\u0144 membranowych do zadruku.","og_description":"Firma ForFresco, innowacyjne rozwi\u0105zania drukarskie, producent membran do druku, rozwi\u0105zania digital signage, samoprzylepne materia\u0142y drukarskie, folie transferowe do reklamy, wysokiej jako\u015bci pod\u0142o\u017ca do druku, druk wielkoformatowy, specjalistyczne rozwi\u0105zania drukarskie, ekologiczny druk cyfrowy","og_url":"https:\/\/forfresco.com\/pl\/informacje-o-foresco-2\/","og_site_name":"Fresco","article_modified_time":"2025-03-26T09:26:03+00:00","og_image":[{"url":"https:\/\/forfresco.com\/wp-content\/uploads\/2025\/03\/About-Foresco.png","type":"","width":"","height":""}],"twitter_card":"summary_large_image","schema":{"@context":"https:\/\/schema.org","@graph":[{"@type":"WebPage","@id":"https:\/\/forfresco.com\/pl\/informacje-o-foresco-2\/","url":"https:\/\/forfresco.com\/pl\/informacje-o-foresco-2\/","name":"Informacje o ForForesco\u00ae - Fresco","isPartOf":{"@id":"https:\/\/forfresco.com\/pl\/#website"},"datePublished":"2025-02-23T19:42:37+00:00","dateModified":"2025-03-26T09:26:03+00:00","description":"Dowiedz si\u0119 wi\u0119cej o ForFresco - liderze w technologii zadrukowywanych membran do oznakowania, brandingu i trwa\u0142ych zastosowa\u0144 graficznych.","breadcrumb":{"@id":"https:\/\/forfresco.com\/pl\/informacje-o-foresco-2\/#breadcrumb"},"inLanguage":"pl-PL","potentialAction":[{"@type":"ReadAction","target":["https:\/\/forfresco.com\/pl\/informacje-o-foresco-2\/"]}]},{"@type":"WebSite","@id":"https:\/\/forfresco.com\/pl\/#website","url":"https:\/\/forfresco.com\/pl\/","name":"ForFresco","description":"","publisher":{"@id":"https:\/\/forfresco.com\/pl\/#organization"},"alternateName":"ForFresco","potentialAction":[{"@type":"SearchAction","target":{"@type":"EntryPoint","urlTemplate":"https:\/\/forfresco.com\/pl\/?s={search_term_string}"},"query-input":{"@type":"PropertyValueSpecification","valueRequired":true,"valueName":"search_term_string"}}],"inLanguage":"pl-PL"},{"@type":"Organization","@id":"https:\/\/forfresco.com\/pl\/#organization","name":"ForFresco","url":"https:\/\/forfresco.com\/pl\/","logo":{"@type":"ImageObject","inLanguage":"pl-PL","@id":"https:\/\/forfresco.com\/pl\/#\/schema\/logo\/image\/","url":"https:\/\/forfresco.com\/wp-content\/uploads\/2025\/03\/ForFresco-Logo-black.svg","contentUrl":"https:\/\/forfresco.com\/wp-content\/uploads\/2025\/03\/ForFresco-Logo-black.svg","width":1000,"height":317,"caption":"ForFresco"},"image":{"@id":"https:\/\/forfresco.com\/pl\/#\/schema\/logo\/image\/"}}]}},"_links":{"self":[{"href":"https:\/\/forfresco.com\/pl\/wp-json\/wp\/v2\/pages\/1639","targetHints":{"allow":["GET"]}}],"collection":[{"href":"https:\/\/forfresco.com\/pl\/wp-json\/wp\/v2\/pages"}],"about":[{"href":"https:\/\/forfresco.com\/pl\/wp-json\/wp\/v2\/types\/page"}],"author":[{"embeddable":true,"href":"https:\/\/forfresco.com\/pl\/wp-json\/wp\/v2\/users\/1"}],"replies":[{"embeddable":true,"href":"https:\/\/forfresco.com\/pl\/wp-json\/wp\/v2\/comments?post=1639"}],"version-history":[{"count":6,"href":"https:\/\/forfresco.com\/pl\/wp-json\/wp\/v2\/pages\/1639\/revisions"}],"predecessor-version":[{"id":2168,"href":"https:\/\/forfresco.com\/pl\/wp-json\/wp\/v2\/pages\/1639\/revisions\/2168"}],"wp:attachment":[{"href":"https:\/\/forfresco.com\/pl\/wp-json\/wp\/v2\/media?parent=1639"}],"curies":[{"name":"wp","href":"https:\/\/api.w.org\/{rel}","templated":true}]}}